{"id":2514,"date":"2024-10-04T14:01:18","date_gmt":"2024-10-04T14:01:18","guid":{"rendered":"https:\/\/vivesur.eu\/politique-de-confidentialite\/"},"modified":"2025-01-16T10:47:39","modified_gmt":"2025-01-16T10:47:39","slug":"politique-de-confidentialite","status":"publish","type":"page","link":"https:\/\/vivesur.eu\/fr\/politique-de-confidentialite\/","title":{"rendered":"Politique de confidentialit\u00e9"},"content":{"rendered":"\t\t<div data-elementor-type=\"wp-page\" data-elementor-id=\"2514\" class=\"elementor elementor-2514 elementor-3\" data-elementor-post-type=\"page\">\n\t\t\t\t<div class=\"elementor-element elementor-element-2372927 e-con-full e-flex e-con e-parent\" data-id=\"2372927\" data-element_type=\"container\" data-settings=\"{&quot;background_background&quot;:&quot;classic&quot;}\">\n\t\t<div class=\"elementor-element elementor-element-10db628 e-con-full e-flex e-con e-child\" data-id=\"10db628\" data-element_type=\"container\">\n\t\t\t\t<div class=\"elementor-element elementor-element-b1fbff0 elementor-widget elementor-widget-heading\" data-id=\"b1fbff0\" data-element_type=\"widget\" data-widget_type=\"heading.default\">\n\t\t\t\t<div class=\"elementor-widget-container\">\n\t\t\t\t\t<h1 class=\"elementor-heading-title elementor-size-default\">Politique de confidentialit\u00e9<\/h1>\t\t\t\t<\/div>\n\t\t\t\t<\/div>\n\t\t\t\t<div class=\"elementor-element elementor-element-5726bbe elementor-widget elementor-widget-text-editor\" data-id=\"5726bbe\" data-element_type=\"widget\" data-widget_type=\"text-editor.default\">\n\t\t\t\t<div class=\"elementor-widget-container\">\n\t\t\t\t\t\t\t\t\t<p><strong>Champ d&rsquo;application de la politique de protection des donn\u00e9es personnelles<\/strong><\/p>\n<p>La pr\u00e9sente politique de protection des donn\u00e9es personnelles couvre tout traitement de donn\u00e9es pouvant survenir lors de la navigation ou de l&rsquo;interaction sur l&rsquo;un de nos sites web ou sur les r\u00e9seaux sociaux o\u00f9 nous pouvons \u00eatre pr\u00e9sents (Linkedin, Twitter, Instagram, etc.).<\/p>\n<p>Cette politique de confidentialit\u00e9 couvre \u00e9galement tous les processus par lesquels notre entreprise recueille des donn\u00e9es personnelles en dehors de ce site web, tels que les communications \u00e9lectroniques, les visites, les entretiens, les appels t\u00e9l\u00e9phoniques, etc.<\/p>\n<p>Dans chacun de ces m\u00e9dias, vous pouvez consulter des informations et poser des questions, envoyer des photos, faire des commentaires, etc. &#8230;. et, par cons\u00e9quent, nous fournir des informations sur vos donn\u00e9es personnelles. Tout traitement est soumis \u00e0 notre politique de confidentialit\u00e9.<\/p>\n<p><strong>Qui est responsable du traitement de vos donn\u00e9es personnelles ?<\/strong><\/p>\n<p>Conform\u00e9ment aux dispositions du R\u00e8glement (UE) 2016\/679 du Parlement europ\u00e9en et du Conseil du 27 avril 2016, nous vous informons que les donn\u00e9es personnelles que vous fournissez seront trait\u00e9es par Bandesur Alcal\u00e1 S.A., dont le si\u00e8ge social se trouve \u00e0 Pol\u00edgono Industrial Chaparal s\/n, Alcal\u00e1 la Real, Ja\u00e9n (Espagne) CIF A23393101, Email <span style=\"color: #64b336;\"><a style=\"color: #64b336;\" href=\"mailto:info@bandesur.com\">info@bandesur.com<\/a><\/span>.<\/p>\n<p><strong>Quelles sont les donn\u00e9es personnelles collect\u00e9es et quel est leur but ?<\/strong><\/p>\n<p>Nous d\u00e9taillons les donn\u00e9es personnelles qu&rsquo;elle g\u00e8re, ainsi que les finalit\u00e9s pour lesquelles elles sont utilis\u00e9es.<\/p>\n<table>\n<tbody>\n<tr>\n<td align=\"center\" valign=\"middle\">Cr\u00e9ation de votre compte client<\/td>\n<td align=\"center\" valign=\"middle\">\n<p>  Nom, pr\u00e9nom et courriel. D\u00e9tails de la facturation : num\u00e9ro de TVA, adresse et mode de paiement. <\/p>\n<\/td>\n<td align=\"center\" valign=\"middle\"> Cr\u00e9ation du compte pour passer des commandes et proc\u00e9der \u00e0 leur facturation et \u00e0 leur encaissement, l\u00e9gitim\u00e9s par la relation contractuelle.<\/td>\n<td align=\"center\" valign=\"middle\"> Notre soci\u00e9t\u00e9<\/td>\n<\/tr>\n<tr>\n<td align=\"center\" valign=\"middle\">Demande d&rsquo;informations sur nos produits<\/td>\n<td align=\"center\" valign=\"middle\">Nom, pr\u00e9nom, e-mail, adresse<\/td>\n<td align=\"center\" valign=\"middle\">Donn\u00e9es pour pouvoir r\u00e9pondre \u00e0 votre demande ou pour pouvoir faire un devis, l\u00e9gitim\u00e9 par votre demande pr\u00e9c\u00e9dente.<\/td>\n<td align=\"center\" valign=\"middle\">Notre soci\u00e9t\u00e9<\/td>\n<\/tr>\n<tr>\n<td align=\"center\" valign=\"middle\"> <\/td>\n<td align=\"center\" valign=\"middle\"> <\/td>\n<td align=\"center\" valign=\"middle\"> <\/td>\n<td align=\"center\" valign=\"middle\"> <\/td>\n<\/tr>\n<tr>\n<td align=\"center\" valign=\"middle\"> Demande de renseignements sur le chat<\/td>\n<td align=\"center\" valign=\"middle\"> Nom et email<\/td>\n<td align=\"center\" valign=\"middle\"> R\u00e9ponse \u00e0 votre demande l\u00e9gitim\u00e9e par votre demande pr\u00e9c\u00e9dente<\/td>\n<td align=\"center\" valign=\"middle\"> Zopim<\/td>\n<\/tr>\n<tr>\n<td align=\"center\" valign=\"middle\">\n<p>  Bulletin d&rsquo;information<\/p>\n<\/td>\n<td align=\"center\" valign=\"middle\"> Courriel<\/td>\n<td align=\"center\" valign=\"middle\"> Envoi d&rsquo;informations commerciales, l\u00e9gitim\u00e9 par votre consentement<\/td>\n<td align=\"center\" valign=\"middle\"> Mailchimp <\/td>\n<\/tr>\n<\/tbody>\n<\/table>\n<p>Votre consentement peut \u00eatre r\u00e9voqu\u00e9 \u00e0 tout moment.<\/p>\n<p><strong>Pourquoi utilisons-nous vos donn\u00e9es personnelles ?<\/strong><\/p>\n<p>Nous expliquons ci-dessous la base juridique qui nous permet de traiter vos donn\u00e9es personnelles.  <\/p>\n<p>1.- Dans le cadre d&rsquo;une relation contractuelle<\/p>\n<p>2.- Lorsque vous nous donnez votre consentement.<\/p>\n<p>3.- Pour l&rsquo;int\u00e9r\u00eat l\u00e9gitime de Bandesur Alcal\u00e1 S.A. de vous pr\u00e9senter des services, des produits et des initiatives susceptibles de vous int\u00e9resser.<\/p>\n<p>4.- Le respect des obligations impos\u00e9es par la loi. Nous vous rappelons que vous pouvez r\u00e9voquer votre consentement \u00e0 tout moment \u00e0 l&rsquo;adresse suivante : info@bandesur.com Publications de photos ou de vid\u00e9os sur le site web ou les r\u00e9seaux sociaux Pour la publication de photos ou de vid\u00e9os de nos employ\u00e9s, clients, utilisateurs ou mineurs sur le site web ou les r\u00e9seaux sociaux, ainsi que pour la collecte de donn\u00e9es en vue de la r\u00e9alisation d&rsquo;un concours ou le traitement de toute autre donn\u00e9e personnelle, nous obtenons au pr\u00e9alable le consentement explicite, incontestable et inform\u00e9 du propri\u00e9taire qui, dans le cas des enfants de moins de 14 ans, est accord\u00e9 par les parents ou les tuteurs l\u00e9gaux. Le traitement de ces photos respecte le principe de proportionnalit\u00e9, c&rsquo;est-\u00e0-dire qu&rsquo;elles ne sont trait\u00e9es que dans le strict but pour lequel le consentement a \u00e9t\u00e9 donn\u00e9. Donn\u00e9es non pertinentes Bandesur Alcal\u00e1 S.A. avertit l&rsquo;utilisateur que, sauf existence d&rsquo;une repr\u00e9sentation l\u00e9galement constitu\u00e9e, aucun utilisateur ne peut utiliser l&rsquo;identit\u00e9 d&rsquo;une autre personne et communiquer ses donn\u00e9es personnelles, et par cons\u00e9quent l&rsquo;utilisateur doit \u00e0 tout moment garder \u00e0 l&rsquo;esprit qu&rsquo;il ne peut fournir que les donn\u00e9es personnelles correspondant \u00e0 sa propre identit\u00e9 et qu&rsquo;elles doivent \u00eatre ad\u00e9quates, pertinentes, actuelles, exactes et v\u00e9ridiques.   <\/p>\n<p><strong>Combien de temps conserverons-nous vos donn\u00e9es ?<\/strong><\/p>\n<p>Bandesur Alcal\u00e1 S.A. conserve vos donn\u00e9es personnelles aussi longtemps que n\u00e9cessaire aux fins pour lesquelles elles ont \u00e9t\u00e9 collect\u00e9es. Si la directive est diff\u00e9rente de celle indiqu\u00e9e dans cette politique, elle est d\u00e9taill\u00e9e dans le document correspondant. <\/p>\n<p><strong>\u00c0 qui divulguons-nous vos donn\u00e9es ?<\/strong><\/p>\n<p>Bandesur Alcal\u00e1 S.A. ne fournira vos donn\u00e9es que dans les services o\u00f9 elles sont indiqu\u00e9es et dans les cas pr\u00e9vus par la loi.<\/p>\n<p>Dans le cas o\u00f9 vous utilisez notre chat, les conversations seront h\u00e9berg\u00e9es sur les serveurs de notre fournisseur, qui prend les mesures n\u00e9cessaires pour \u00e9viter la perte, l&rsquo;alt\u00e9ration ou l&rsquo;acc\u00e8s non autoris\u00e9 aux donn\u00e9es. Vous pouvez consulter leur politique de confidentialit\u00e9 \u00e0 l&rsquo;adresse suivante : <span style=\"color: #64b336;\"><a style=\"color: #64b336;\" href=\"https:\/\/www.zendesk.es\/company\/customers-partners\/eu-data-protection\/\" target=\"_blank\" rel=\"noopener\">https:\/\/www.zendesk.es\/company\/customers-partners\/eu-data-protection\/<\/a><\/span> <\/p>\n<p>Dans le cas des r\u00e9seaux sociaux, toutes les informations et tous les contenus publi\u00e9s par l&rsquo;utilisateur seront communiqu\u00e9s et partag\u00e9s avec le reste des utilisateurs qui consultent ce r\u00e9seau social, en raison de la nature m\u00eame du service.<\/p>\n<p><strong>Mesures de s\u00e9curit\u00e9<\/strong><\/p>\n<p>Bandesur S.A. garantit la confidentialit\u00e9 absolue des donn\u00e9es personnelles collect\u00e9es et a donc adopt\u00e9 des mesures de s\u00e9curit\u00e9 essentielles pour \u00e9viter l&rsquo;alt\u00e9ration, la perte, le traitement ou l&rsquo;acc\u00e8s non autoris\u00e9 et garantir ainsi leur int\u00e9grit\u00e9 et leur s\u00e9curit\u00e9.<\/p>\n<p>L&rsquo;utilisateur s&rsquo;engage \u00e0 faire un usage diligent et \u00e0 ne pas rendre accessible \u00e0 des tiers son nom d&rsquo;utilisateur et son mot de passe, et s&rsquo;engage \u00e0 mettre \u00e0 la disposition de l&rsquo;entreprise tout vol, perte ou risque d&rsquo;acc\u00e8s par des tiers \u00e0 son nom d&rsquo;utilisateur et \u00e0 son mot de passe.<\/p>\n<p><strong>M\u00e9dias sociaux<\/strong><\/p>\n<p>Le fonctionnement des r\u00e9seaux sociaux n&rsquo;est pas contr\u00f4l\u00e9 par Bandesur Alcal\u00e1 S.A. et, par cons\u00e9quent, l&rsquo;information publi\u00e9e sera partag\u00e9e par tous les utilisateurs qui les consultent. De m\u00eame, ces r\u00e9seaux permettent d&rsquo;interagir avec d&rsquo;autres utilisateurs et, par cons\u00e9quent, vous trouverez ci-dessous certaines pr\u00e9misses que vous devez prendre en compte. <\/p>\n<p>L&rsquo;objectif de l&rsquo;utilisation des r\u00e9seaux sociaux est de donner de la visibilit\u00e9 et de diffuser les produits d\u00e9velopp\u00e9s par Bandesur Alcal\u00e1 S.A.<\/p>\n<p>En principe, la m\u00eame politique de protection des donn\u00e9es sp\u00e9cifi\u00e9e dans le pr\u00e9sent document s&rsquo;applique \u00e0 la collecte, au traitement et au transfert des donn\u00e9es.<\/p>\n<p>L&rsquo;utilisateur doit s&rsquo;engager \u00e0 :<\/p>\n<p>Ne pas publier d&rsquo;informations qui ne r\u00e9pondent pas aux exigences de v\u00e9racit\u00e9, d&rsquo;int\u00e9r\u00eat public et de respect de la dignit\u00e9 des personnes. En particulier, l&rsquo;utilisateur devra \u00e9viter tout comportement susceptible de violer le principe de non-discrimination en raison du sexe, de la race, de la religion, de l&rsquo;id\u00e9ologie ou de toute autre circonstance personnelle ou sociale, ainsi que la vie priv\u00e9e, l&rsquo;honneur et l&rsquo;image de soi, \u00e9tant responsable en dernier ressort de la v\u00e9racit\u00e9 et de la l\u00e9galit\u00e9 du contenu qu&rsquo;il publie. <\/p>\n<p>Ne pas enregistrer ou publier des images, des vid\u00e9os ou tout autre enregistrement sans le consentement des personnes concern\u00e9es.<\/p>\n<p>Bandesur Alcal\u00e1 S.A. ne s&rsquo;identifie pas aux opinions exprim\u00e9es par d&rsquo;autres ou \u00e0 l&rsquo;id\u00e9ologie des profils avec lesquels elle est amie sur n&rsquo;importe quel r\u00e9seau social.<\/p>\n<p>Bandesur Alcal\u00e1 S.A. se r\u00e9serve le droit de retirer de ses r\u00e9seaux sociaux toute information publi\u00e9e par d&rsquo;autres personnes qui enfreint la loi, incite d&rsquo;autres personnes \u00e0 le faire ou contient des messages qui portent atteinte \u00e0 la dignit\u00e9 des personnes ou des institutions. Vous pouvez \u00e9galement bloquer ou signaler le profil de l&rsquo;auteur de ces messages. <\/p>\n<p>Recommandations aux utilisateurs<\/p>\n<p>\u25cf Examinez et lisez les conditions d&rsquo;utilisation et la politique de confidentialit\u00e9 du r\u00e9seau social au moment de l&rsquo;inscription.<\/p>\n<p>\u25cf D\u00e9couvrez les possibilit\u00e9s de configuration et d&rsquo;utilisation offertes par le r\u00e9seau.<\/p>\n<p>\u25cf R\u00e9glez de mani\u00e8re appropri\u00e9e les param\u00e8tres de confidentialit\u00e9 du profil de l&rsquo;utilisateur sur le r\u00e9seau social.<\/p>\n<p>\u25cf Ne publiez pas d&rsquo;informations excessives sur votre vie personnelle et familiale.<\/p>\n<p>Soyez prudent lorsque vous publiez des contenus audiovisuels et graphiques sur votre profil, en particulier si des images relatives \u00e0 des tiers y sont h\u00e9berg\u00e9es.<\/p>\n<p>\u25cf Ne pas fournir les donn\u00e9es de tiers sans leur consentement pr\u00e9alable.<\/p>\n\t\t\t\t\t\t\t\t<\/div>\n\t\t\t\t<\/div>\n\t\t\t\t<\/div>\n\t\t\t\t<\/div>\n\t\t\t\t<\/div>\n\t\t","protected":false},"excerpt":{"rendered":"<p>Politique de confidentialit\u00e9 Champ d&rsquo;application de la politique de protection des donn\u00e9es personnelles La pr\u00e9sente politique de protection des donn\u00e9es personnelles couvre tout traitement de donn\u00e9es pouvant survenir lors de la navigation ou de l&rsquo;interaction sur l&rsquo;un de nos sites web ou sur les r\u00e9seaux sociaux o\u00f9 nous pouvons \u00eatre pr\u00e9sents (Linkedin, Twitter, Instagram, etc.). [&hellip;]<\/p>\n","protected":false},"author":1,"featured_media":0,"parent":0,"menu_order":0,"comment_status":"closed","ping_status":"closed","template":"","meta":{"footnotes":""},"class_list":["post-2514","page","type-page","status-publish","hentry"],"yoast_head":"<!-- This site is optimized with the Yoast SEO plugin v24.2 - https:\/\/yoast.com\/wordpress\/plugins\/seo\/ -->\n<title>Politique de confidentialit\u00e9 - Vivesur<\/title>\n<meta name=\"robots\" content=\"index, follow, max-snippet:-1, max-image-preview:large, max-video-preview:-1\" \/>\n<link rel=\"canonical\" href=\"https:\/\/vivesur.eu\/fr\/politique-de-confidentialite\/\" \/>\n<meta property=\"og:locale\" content=\"fr_FR\" \/>\n<meta property=\"og:type\" content=\"article\" \/>\n<meta property=\"og:title\" content=\"Politique de confidentialit\u00e9 - Vivesur\" \/>\n<meta property=\"og:description\" content=\"Politique de confidentialit\u00e9 Champ d&rsquo;application de la politique de protection des donn\u00e9es personnelles La pr\u00e9sente politique de protection des donn\u00e9es personnelles couvre tout traitement de donn\u00e9es pouvant survenir lors de la navigation ou de l&rsquo;interaction sur l&rsquo;un de nos sites web ou sur les r\u00e9seaux sociaux o\u00f9 nous pouvons \u00eatre pr\u00e9sents (Linkedin, Twitter, Instagram, etc.). [&hellip;]\" \/>\n<meta property=\"og:url\" content=\"https:\/\/vivesur.eu\/fr\/politique-de-confidentialite\/\" \/>\n<meta property=\"og:site_name\" content=\"Vivesur\" \/>\n<meta property=\"article:publisher\" content=\"https:\/\/www.facebook.com\/Bandesur\/\" \/>\n<meta property=\"article:modified_time\" content=\"2025-01-16T10:47:39+00:00\" \/>\n<meta name=\"twitter:card\" content=\"summary_large_image\" \/>\n<meta name=\"twitter:label1\" content=\"Dur\u00e9e de lecture estim\u00e9e\" \/>\n\t<meta name=\"twitter:data1\" content=\"7 minutes\" \/>\n<script type=\"application\/ld+json\" class=\"yoast-schema-graph\">{\"@context\":\"https:\/\/schema.org\",\"@graph\":[{\"@type\":\"WebPage\",\"@id\":\"https:\/\/vivesur.eu\/fr\/politique-de-confidentialite\/\",\"url\":\"https:\/\/vivesur.eu\/fr\/politique-de-confidentialite\/\",\"name\":\"Politique de confidentialit\u00e9 - Vivesur\",\"isPartOf\":{\"@id\":\"https:\/\/vivesur.eu\/fr\/#website\"},\"datePublished\":\"2024-10-04T14:01:18+00:00\",\"dateModified\":\"2025-01-16T10:47:39+00:00\",\"breadcrumb\":{\"@id\":\"https:\/\/vivesur.eu\/fr\/politique-de-confidentialite\/#breadcrumb\"},\"inLanguage\":\"fr-FR\",\"potentialAction\":[{\"@type\":\"ReadAction\",\"target\":[\"https:\/\/vivesur.eu\/fr\/politique-de-confidentialite\/\"]}]},{\"@type\":\"BreadcrumbList\",\"@id\":\"https:\/\/vivesur.eu\/fr\/politique-de-confidentialite\/#breadcrumb\",\"itemListElement\":[{\"@type\":\"ListItem\",\"position\":1,\"name\":\"Portada\",\"item\":\"https:\/\/vivesur.eu\/fr\/\"},{\"@type\":\"ListItem\",\"position\":2,\"name\":\"Politique de confidentialit\u00e9\"}]},{\"@type\":\"WebSite\",\"@id\":\"https:\/\/vivesur.eu\/fr\/#website\",\"url\":\"https:\/\/vivesur.eu\/fr\/\",\"name\":\"Vivesur\",\"description\":\"Compa&ntilde;&iacute;a especializada en soluciones de conservaci&oacute;n de alimentos&nbsp;\",\"publisher\":{\"@id\":\"https:\/\/vivesur.eu\/fr\/#organization\"},\"potentialAction\":[{\"@type\":\"SearchAction\",\"target\":{\"@type\":\"EntryPoint\",\"urlTemplate\":\"https:\/\/vivesur.eu\/fr\/?s={search_term_string}\"},\"query-input\":{\"@type\":\"PropertyValueSpecification\",\"valueRequired\":true,\"valueName\":\"search_term_string\"}}],\"inLanguage\":\"fr-FR\"},{\"@type\":\"Organization\",\"@id\":\"https:\/\/vivesur.eu\/fr\/#organization\",\"name\":\"Vivesur\",\"url\":\"https:\/\/vivesur.eu\/fr\/\",\"logo\":{\"@type\":\"ImageObject\",\"inLanguage\":\"fr-FR\",\"@id\":\"https:\/\/vivesur.eu\/fr\/#\/schema\/logo\/image\/\",\"url\":\"https:\/\/vivesur.eu\/wp-content\/uploads\/2024\/10\/vivesur-logo.svg\",\"contentUrl\":\"https:\/\/vivesur.eu\/wp-content\/uploads\/2024\/10\/vivesur-logo.svg\",\"width\":164,\"height\":44,\"caption\":\"Vivesur\"},\"image\":{\"@id\":\"https:\/\/vivesur.eu\/fr\/#\/schema\/logo\/image\/\"},\"sameAs\":[\"https:\/\/www.facebook.com\/Bandesur\/\"]}]}<\/script>\n<!-- \/ Yoast SEO plugin. -->","yoast_head_json":{"title":"Politique de confidentialit\u00e9 - Vivesur","robots":{"index":"index","follow":"follow","max-snippet":"max-snippet:-1","max-image-preview":"max-image-preview:large","max-video-preview":"max-video-preview:-1"},"canonical":"https:\/\/vivesur.eu\/fr\/politique-de-confidentialite\/","og_locale":"fr_FR","og_type":"article","og_title":"Politique de confidentialit\u00e9 - Vivesur","og_description":"Politique de confidentialit\u00e9 Champ d&rsquo;application de la politique de protection des donn\u00e9es personnelles La pr\u00e9sente politique de protection des donn\u00e9es personnelles couvre tout traitement de donn\u00e9es pouvant survenir lors de la navigation ou de l&rsquo;interaction sur l&rsquo;un de nos sites web ou sur les r\u00e9seaux sociaux o\u00f9 nous pouvons \u00eatre pr\u00e9sents (Linkedin, Twitter, Instagram, etc.). [&hellip;]","og_url":"https:\/\/vivesur.eu\/fr\/politique-de-confidentialite\/","og_site_name":"Vivesur","article_publisher":"https:\/\/www.facebook.com\/Bandesur\/","article_modified_time":"2025-01-16T10:47:39+00:00","twitter_card":"summary_large_image","twitter_misc":{"Dur\u00e9e de lecture estim\u00e9e":"7 minutes"},"schema":{"@context":"https:\/\/schema.org","@graph":[{"@type":"WebPage","@id":"https:\/\/vivesur.eu\/fr\/politique-de-confidentialite\/","url":"https:\/\/vivesur.eu\/fr\/politique-de-confidentialite\/","name":"Politique de confidentialit\u00e9 - Vivesur","isPartOf":{"@id":"https:\/\/vivesur.eu\/fr\/#website"},"datePublished":"2024-10-04T14:01:18+00:00","dateModified":"2025-01-16T10:47:39+00:00","breadcrumb":{"@id":"https:\/\/vivesur.eu\/fr\/politique-de-confidentialite\/#breadcrumb"},"inLanguage":"fr-FR","potentialAction":[{"@type":"ReadAction","target":["https:\/\/vivesur.eu\/fr\/politique-de-confidentialite\/"]}]},{"@type":"BreadcrumbList","@id":"https:\/\/vivesur.eu\/fr\/politique-de-confidentialite\/#breadcrumb","itemListElement":[{"@type":"ListItem","position":1,"name":"Portada","item":"https:\/\/vivesur.eu\/fr\/"},{"@type":"ListItem","position":2,"name":"Politique de confidentialit\u00e9"}]},{"@type":"WebSite","@id":"https:\/\/vivesur.eu\/fr\/#website","url":"https:\/\/vivesur.eu\/fr\/","name":"Vivesur","description":"Compa&ntilde;&iacute;a especializada en soluciones de conservaci&oacute;n de alimentos&nbsp;","publisher":{"@id":"https:\/\/vivesur.eu\/fr\/#organization"},"potentialAction":[{"@type":"SearchAction","target":{"@type":"EntryPoint","urlTemplate":"https:\/\/vivesur.eu\/fr\/?s={search_term_string}"},"query-input":{"@type":"PropertyValueSpecification","valueRequired":true,"valueName":"search_term_string"}}],"inLanguage":"fr-FR"},{"@type":"Organization","@id":"https:\/\/vivesur.eu\/fr\/#organization","name":"Vivesur","url":"https:\/\/vivesur.eu\/fr\/","logo":{"@type":"ImageObject","inLanguage":"fr-FR","@id":"https:\/\/vivesur.eu\/fr\/#\/schema\/logo\/image\/","url":"https:\/\/vivesur.eu\/wp-content\/uploads\/2024\/10\/vivesur-logo.svg","contentUrl":"https:\/\/vivesur.eu\/wp-content\/uploads\/2024\/10\/vivesur-logo.svg","width":164,"height":44,"caption":"Vivesur"},"image":{"@id":"https:\/\/vivesur.eu\/fr\/#\/schema\/logo\/image\/"},"sameAs":["https:\/\/www.facebook.com\/Bandesur\/"]}]}},"_links":{"self":[{"href":"https:\/\/vivesur.eu\/fr\/wp-json\/wp\/v2\/pages\/2514","targetHints":{"allow":["GET"]}}],"collection":[{"href":"https:\/\/vivesur.eu\/fr\/wp-json\/wp\/v2\/pages"}],"about":[{"href":"https:\/\/vivesur.eu\/fr\/wp-json\/wp\/v2\/types\/page"}],"author":[{"embeddable":true,"href":"https:\/\/vivesur.eu\/fr\/wp-json\/wp\/v2\/users\/1"}],"replies":[{"embeddable":true,"href":"https:\/\/vivesur.eu\/fr\/wp-json\/wp\/v2\/comments?post=2514"}],"version-history":[{"count":1,"href":"https:\/\/vivesur.eu\/fr\/wp-json\/wp\/v2\/pages\/2514\/revisions"}],"predecessor-version":[{"id":2515,"href":"https:\/\/vivesur.eu\/fr\/wp-json\/wp\/v2\/pages\/2514\/revisions\/2515"}],"wp:attachment":[{"href":"https:\/\/vivesur.eu\/fr\/wp-json\/wp\/v2\/media?parent=2514"}],"curies":[{"name":"wp","href":"https:\/\/api.w.org\/{rel}","templated":true}]}}